{"id":576,"date":"2024-05-04T12:01:02","date_gmt":"2024-05-04T15:01:02","guid":{"rendered":"https:\/\/areadefas.tiagoiorc.com\/login\/"},"modified":"2024-05-04T12:01:02","modified_gmt":"2024-05-04T15:01:02","slug":"login","status":"publish","type":"page","link":"https:\/\/areadefas.tiagoiorc.com\/es\/login\/","title":{"rendered":"Login"},"content":{"rendered":"<div class=\"wpb-content-wrapper\">[vc_row css=\u00bb.vc_custom_1715033665196{padding-top: 6vh !important;padding-bottom: 6vh !important;}\u00bb el_class=\u00bbalign-center full-height\u00bb][vc_column width=\u00bb2\/3&#8243;][vc_raw_html css=\u00bb\u00bb]JTVCYXJtX2Zvcm0lMjBpZCUzRCUyMjEwMiUyMiUyMGlkJTNEJTIyMTAyJTIyJTIwbG9nZ2VkX2luX21lc3NhZ2UlM0QlMjJWb2MlQzMlQUElMjBqJUMzJUExJTIwZXN0JUMzJUExJTIwbG9nYWRvLiUyMiU1RA==[\/vc_raw_html][\/vc_column][\/vc_row]\n<\/div>","protected":false},"excerpt":{"rendered":"<p>[vc_row css=\u00bb.vc_custom_1715033665196{padding-top: 6vh !important;padding-bottom: 6vh !important;}\u00bb el_class=\u00bbalign-center full-height\u00bb][vc_column width=\u00bb2\/3&#8243;][vc_raw_html css=\u00bb\u00bb]JTVCYXJtX2Zvcm0lMjBpZCUzRCUyMjEwMiUyMiUyMGlkJTNEJTIyMTAyJTIyJTIwbG9nZ2VkX2luX21lc3NhZ2UlM0QlMjJWb2MlQzMlQUElMjBqJUMzJUExJTIwZXN0JUMzJUExJTIwbG9nYWRvLiUyMiU1RA==[\/vc_raw_html][\/vc_column][\/vc_row]<\/p>\n","protected":false},"author":1,"featured_media":0,"parent":0,"menu_order":0,"comment_status":"closed","ping_status":"closed","template":"","meta":{"footnotes":""},"class_list":["post-576","page","type-page","status-publish","hentry"],"yoast_head":"<!-- This site is optimized with the Yoast SEO plugin v23.6 - https:\/\/yoast.com\/wordpress\/plugins\/seo\/ -->\n<title>Login - TIAGO IORC<\/title>\n<meta name=\"robots\" content=\"index, follow, max-snippet:-1, max-image-preview:large, max-video-preview:-1\" \/>\n<link rel=\"canonical\" href=\"https:\/\/areadefas.tiagoiorc.com\/es\/login\/\" \/>\n<meta property=\"og:locale\" content=\"es_ES\" \/>\n<meta property=\"og:type\" content=\"article\" \/>\n<meta property=\"og:title\" content=\"Login - TIAGO IORC\" \/>\n<meta property=\"og:description\" content=\"[vc_row css=\u00bb.vc_custom_1715033665196{padding-top: 6vh !important;padding-bottom: 6vh !important;}\u00bb el_class=\u00bbalign-center full-height\u00bb][vc_column width=\u00bb2\/3&#8243;][vc_raw_html css=\u00bb\u00bb]JTVCYXJtX2Zvcm0lMjBpZCUzRCUyMjEwMiUyMiUyMGlkJTNEJTIyMTAyJTIyJTIwbG9nZ2VkX2luX21lc3NhZ2UlM0QlMjJWb2MlQzMlQUElMjBqJUMzJUExJTIwZXN0JUMzJUExJTIwbG9nYWRvLiUyMiU1RA==[\/vc_raw_html][\/vc_column][\/vc_row]\" \/>\n<meta property=\"og:url\" content=\"https:\/\/areadefas.tiagoiorc.com\/es\/login\/\" \/>\n<meta property=\"og:site_name\" content=\"TIAGO IORC\" \/>\n<meta property=\"article:publisher\" content=\"https:\/\/pt-br.facebook.com\/iorcmusic\/\" \/>\n<meta property=\"og:image\" content=\"https:\/\/areadefas.tiagoiorc.com\/wp-content\/uploads\/2024\/05\/DARAMO_EDIT_9_TRAILER-_teste_v7.00_00_02_18.Still003.jpg\" \/>\n\t<meta property=\"og:image:width\" content=\"1200\" \/>\n\t<meta property=\"og:image:height\" content=\"675\" \/>\n\t<meta property=\"og:image:type\" content=\"image\/jpeg\" \/>\n<meta name=\"twitter:card\" content=\"summary_large_image\" \/>\n<script type=\"application\/ld+json\" class=\"yoast-schema-graph\">{\"@context\":\"https:\/\/schema.org\",\"@graph\":[{\"@type\":\"WebPage\",\"@id\":\"https:\/\/areadefas.tiagoiorc.com\/es\/login\/\",\"url\":\"https:\/\/areadefas.tiagoiorc.com\/es\/login\/\",\"name\":\"Login - TIAGO IORC\",\"isPartOf\":{\"@id\":\"https:\/\/areadefas.tiagoiorc.com\/#website\"},\"datePublished\":\"2024-05-04T15:01:02+00:00\",\"dateModified\":\"2024-05-04T15:01:02+00:00\",\"breadcrumb\":{\"@id\":\"https:\/\/areadefas.tiagoiorc.com\/es\/login\/#breadcrumb\"},\"inLanguage\":\"es\",\"potentialAction\":[{\"@type\":\"ReadAction\",\"target\":[\"https:\/\/areadefas.tiagoiorc.com\/es\/login\/\"]}]},{\"@type\":\"BreadcrumbList\",\"@id\":\"https:\/\/areadefas.tiagoiorc.com\/es\/login\/#breadcrumb\",\"itemListElement\":[{\"@type\":\"ListItem\",\"position\":1,\"name\":\"In\u00edcio\",\"item\":\"https:\/\/areadefas.tiagoiorc.com\/es\/\"},{\"@type\":\"ListItem\",\"position\":2,\"name\":\"Login\"}]},{\"@type\":\"WebSite\",\"@id\":\"https:\/\/areadefas.tiagoiorc.com\/#website\",\"url\":\"https:\/\/areadefas.tiagoiorc.com\/\",\"name\":\"\u00c1rea de F\u00e3s - TIAGO IORC\",\"description\":\"\u00c1rea de F\u00e3s\",\"publisher\":{\"@id\":\"https:\/\/areadefas.tiagoiorc.com\/#organization\"},\"alternateName\":\"TIAGO IORC\",\"potentialAction\":[{\"@type\":\"SearchAction\",\"target\":{\"@type\":\"EntryPoint\",\"urlTemplate\":\"https:\/\/areadefas.tiagoiorc.com\/?s={search_term_string}\"},\"query-input\":{\"@type\":\"PropertyValueSpecification\",\"valueRequired\":true,\"valueName\":\"search_term_string\"}}],\"inLanguage\":\"es\"},{\"@type\":\"Organization\",\"@id\":\"https:\/\/areadefas.tiagoiorc.com\/#organization\",\"name\":\"\u00c1rea de F\u00e3s - TIAGO IORC\",\"alternateName\":\"TIAGO IORC\",\"url\":\"https:\/\/areadefas.tiagoiorc.com\/\",\"logo\":{\"@type\":\"ImageObject\",\"inLanguage\":\"es\",\"@id\":\"https:\/\/areadefas.tiagoiorc.com\/#\/schema\/logo\/image\/\",\"url\":\"https:\/\/areadefas.tiagoiorc.com\/wp-content\/uploads\/2024\/05\/tiagoiorc@3x.png\",\"contentUrl\":\"https:\/\/areadefas.tiagoiorc.com\/wp-content\/uploads\/2024\/05\/tiagoiorc@3x.png\",\"width\":1176,\"height\":166,\"caption\":\"\u00c1rea de F\u00e3s - TIAGO IORC\"},\"image\":{\"@id\":\"https:\/\/areadefas.tiagoiorc.com\/#\/schema\/logo\/image\/\"},\"sameAs\":[\"https:\/\/pt-br.facebook.com\/iorcmusic\/\",\"https:\/\/www.instagram.com\/tiagoiorc\/\",\"https:\/\/www.youtube.com\/@tiagoiorcmusic\",\"https:\/\/twitter.com\/tiagoiorc\",\"https:\/\/www.tiktok.com\/@tiagoiorc\"]}]}<\/script>\n<!-- \/ Yoast SEO plugin. -->","yoast_head_json":{"title":"Login - TIAGO IORC","robots":{"index":"index","follow":"follow","max-snippet":"max-snippet:-1","max-image-preview":"max-image-preview:large","max-video-preview":"max-video-preview:-1"},"canonical":"https:\/\/areadefas.tiagoiorc.com\/es\/login\/","og_locale":"es_ES","og_type":"article","og_title":"Login - TIAGO IORC","og_description":"[vc_row css=\u00bb.vc_custom_1715033665196{padding-top: 6vh !important;padding-bottom: 6vh !important;}\u00bb el_class=\u00bbalign-center full-height\u00bb][vc_column width=\u00bb2\/3&#8243;][vc_raw_html css=\u00bb\u00bb]JTVCYXJtX2Zvcm0lMjBpZCUzRCUyMjEwMiUyMiUyMGlkJTNEJTIyMTAyJTIyJTIwbG9nZ2VkX2luX21lc3NhZ2UlM0QlMjJWb2MlQzMlQUElMjBqJUMzJUExJTIwZXN0JUMzJUExJTIwbG9nYWRvLiUyMiU1RA==[\/vc_raw_html][\/vc_column][\/vc_row]","og_url":"https:\/\/areadefas.tiagoiorc.com\/es\/login\/","og_site_name":"TIAGO IORC","article_publisher":"https:\/\/pt-br.facebook.com\/iorcmusic\/","og_image":[{"width":1200,"height":675,"url":"https:\/\/areadefas.tiagoiorc.com\/wp-content\/uploads\/2024\/05\/DARAMO_EDIT_9_TRAILER-_teste_v7.00_00_02_18.Still003.jpg","type":"image\/jpeg"}],"twitter_card":"summary_large_image","schema":{"@context":"https:\/\/schema.org","@graph":[{"@type":"WebPage","@id":"https:\/\/areadefas.tiagoiorc.com\/es\/login\/","url":"https:\/\/areadefas.tiagoiorc.com\/es\/login\/","name":"Login - TIAGO IORC","isPartOf":{"@id":"https:\/\/areadefas.tiagoiorc.com\/#website"},"datePublished":"2024-05-04T15:01:02+00:00","dateModified":"2024-05-04T15:01:02+00:00","breadcrumb":{"@id":"https:\/\/areadefas.tiagoiorc.com\/es\/login\/#breadcrumb"},"inLanguage":"es","potentialAction":[{"@type":"ReadAction","target":["https:\/\/areadefas.tiagoiorc.com\/es\/login\/"]}]},{"@type":"BreadcrumbList","@id":"https:\/\/areadefas.tiagoiorc.com\/es\/login\/#breadcrumb","itemListElement":[{"@type":"ListItem","position":1,"name":"In\u00edcio","item":"https:\/\/areadefas.tiagoiorc.com\/es\/"},{"@type":"ListItem","position":2,"name":"Login"}]},{"@type":"WebSite","@id":"https:\/\/areadefas.tiagoiorc.com\/#website","url":"https:\/\/areadefas.tiagoiorc.com\/","name":"\u00c1rea de F\u00e3s - TIAGO IORC","description":"\u00c1rea de F\u00e3s","publisher":{"@id":"https:\/\/areadefas.tiagoiorc.com\/#organization"},"alternateName":"TIAGO IORC","potentialAction":[{"@type":"SearchAction","target":{"@type":"EntryPoint","urlTemplate":"https:\/\/areadefas.tiagoiorc.com\/?s={search_term_string}"},"query-input":{"@type":"PropertyValueSpecification","valueRequired":true,"valueName":"search_term_string"}}],"inLanguage":"es"},{"@type":"Organization","@id":"https:\/\/areadefas.tiagoiorc.com\/#organization","name":"\u00c1rea de F\u00e3s - TIAGO IORC","alternateName":"TIAGO IORC","url":"https:\/\/areadefas.tiagoiorc.com\/","logo":{"@type":"ImageObject","inLanguage":"es","@id":"https:\/\/areadefas.tiagoiorc.com\/#\/schema\/logo\/image\/","url":"https:\/\/areadefas.tiagoiorc.com\/wp-content\/uploads\/2024\/05\/tiagoiorc@3x.png","contentUrl":"https:\/\/areadefas.tiagoiorc.com\/wp-content\/uploads\/2024\/05\/tiagoiorc@3x.png","width":1176,"height":166,"caption":"\u00c1rea de F\u00e3s - TIAGO IORC"},"image":{"@id":"https:\/\/areadefas.tiagoiorc.com\/#\/schema\/logo\/image\/"},"sameAs":["https:\/\/pt-br.facebook.com\/iorcmusic\/","https:\/\/www.instagram.com\/tiagoiorc\/","https:\/\/www.youtube.com\/@tiagoiorcmusic","https:\/\/twitter.com\/tiagoiorc","https:\/\/www.tiktok.com\/@tiagoiorc"]}]}},"_links":{"self":[{"href":"https:\/\/areadefas.tiagoiorc.com\/es\/wp-json\/wp\/v2\/pages\/576","targetHints":{"allow":["GET"]}}],"collection":[{"href":"https:\/\/areadefas.tiagoiorc.com\/es\/wp-json\/wp\/v2\/pages"}],"about":[{"href":"https:\/\/areadefas.tiagoiorc.com\/es\/wp-json\/wp\/v2\/types\/page"}],"author":[{"embeddable":true,"href":"https:\/\/areadefas.tiagoiorc.com\/es\/wp-json\/wp\/v2\/users\/1"}],"replies":[{"embeddable":true,"href":"https:\/\/areadefas.tiagoiorc.com\/es\/wp-json\/wp\/v2\/comments?post=576"}],"version-history":[{"count":0,"href":"https:\/\/areadefas.tiagoiorc.com\/es\/wp-json\/wp\/v2\/pages\/576\/revisions"}],"wp:attachment":[{"href":"https:\/\/areadefas.tiagoiorc.com\/es\/wp-json\/wp\/v2\/media?parent=576"}],"curies":[{"name":"wp","href":"https:\/\/api.w.org\/{rel}","templated":true}]}}